{"id":3140,"date":"2025-04-11T11:44:03","date_gmt":"2025-04-11T09:44:03","guid":{"rendered":"https:\/\/petrichor-illustration.com\/?page_id=3140"},"modified":"2026-01-15T17:25:19","modified_gmt":"2026-01-15T16:25:19","slug":"about-2","status":"publish","type":"page","link":"https:\/\/petrichor-illustration.com\/?page_id=3140","title":{"rendered":"About"},"content":{"rendered":"<div class=\"wpb-content-wrapper\"><p>[vc_row][vc_column width=&#8221;1\/2&#8243;][vc_column_text css=&#8221;&#8221;]<strong>EN\/<\/strong><\/p>\n<p>Petrichor is the name given to the distinctive scent that lingers in the air after the rain. It&#8217;s also the pseudonym under which Farah Seddiki has chosen to develop a universe inspired by the perfume she loves so much: A realm of stormy nights, conducive to dreams.<\/p>\n<p>Her work is sometimes gothic, sometimes whimsical, and often sits on the border between the two. It is marked by the fantastic tales that have nurtured her since childhood. She draws inspiration from a variety of sources, including Art Nouveau, psychedelic rock, horror pulp covers, and Victorian children&#8217;s books. This nostalgic blend has given rise to a timeless, colorful world into which she invites viewers to travel.<\/p>\n<p>Working with traditional techniques and digital tools, she remains mainly faithful to watercolor and gouache painting, which have enabled her to express her unique style. For some years now, her creations have included illustrations for books and stationery, as well as accessories and graphic T-shirts. Keen to explore new things, she is currently particularly interested in publishing fine books, concert posters, and board games.<\/p>\n<p>Born in Algeria, she now lives in France, having graduated from the Haute \u00c9cole des Arts du Rhin.<\/p>\n<p>&nbsp;<\/p>\n<p>&nbsp;<\/p>\n<p><strong>Requests for professional projects can be sent via the following address: petrichor(at)disroot.org<\/strong>[\/vc_column_text][\/vc_column][vc_column width=&#8221;1\/2&#8243;][vc_column_text css=&#8221;&#8221;]<strong>FR\/<\/strong><\/p>\n<p>Petrichor est le nom donn\u00e9 \u00e0 l\u2019odeur caract\u00e9ristique qui flotte dans l\u2019air apr\u00e8s la pluie. C\u2019est \u00e9galement le pseudonyme derri\u00e8re lequel Farah Seddiki a choisi de d\u00e9velopper un univers inspir\u00e9 de ce parfum qu\u2019elle aime tant : Un royaume de nuits orageuses, propice au r\u00eave.<\/p>\n<p>Tant\u00f4t gothique, tant\u00f4t f\u00e9erique, souvent \u00e0 la lisi\u00e8re des deux, son travail est marqu\u00e9 par les r\u00e9cits fantastiques qui la nourrissent depuis l\u2019enfance. On retrouve dans ses illustrations des inspirations vari\u00e9es, allant de l\u2019Art nouveau, du rock psych\u00e9d\u00e9lique, des couvertures de pulp d\u2019horreur, ou encore des livres d\u2019enfant de l\u2019\u00e9poque victorienne. De ce m\u00e9lange nostalgique est n\u00e9 un monde intemporel et color\u00e9 dans lequel elle invite le spectateur \u00e0 voyager.<\/p>\n<p>Travaillant avec des techniques traditionnelles et des outils num\u00e9riques, elle reste principalement fid\u00e8le \u00e0 la peinture \u00e0 l\u2019aquarelle et \u00e0 la gouache, qui lui ont permis de d\u00e9velopper son style unique. Ses cr\u00e9ations se d\u00e9clinent depuis quelques ann\u00e9es dans le domaine du livre illustr\u00e9, de la papeterie, des accessoires et des t-shirts graphiques. Toujours enthousiaste \u00e0 l\u2019id\u00e9e d\u2019explorer de nouvelles choses, elle s\u2019int\u00e9resse aujourd\u2019hui particuli\u00e8rement \u00e0 l\u2019\u00e9dition de beaux livres, d\u2019affiches de concerts et de jeux de plateau.<\/p>\n<p>N\u00e9e en Alg\u00e9rie, elle vit actuellement en France o\u00f9 elle a obtenu son dipl\u00f4me de la Haute \u00e9cole des Arts du Rhin.<\/p>\n<p>&nbsp;<\/p>\n<p><strong>Les demandes concernant des projets professionnels peuvent lui \u00eatre adress\u00e9es via l&#8217;adresse suivante : petrichor(at)disroot.org<\/strong>[\/vc_column_text][\/vc_column][\/vc_row][vc_row][vc_column][vc_empty_space height=&#8221;64px&#8221;][\/vc_column][\/vc_row]<\/p>\n<\/div>","protected":false},"excerpt":{"rendered":"<p>[vc_row][vc_column width=&#8221;1\/2&#8243;][vc_column_text css=&#8221;&#8221;]EN\/ Petrichor is the name given to the distinctive scent that lingers in the air after the rain. It&#8217;s also the pseudonym under which Farah Seddiki has chosen to develop a universe inspired by the perfume she loves [&hellip;]<\/p>\n","protected":false},"author":1,"featured_media":0,"parent":0,"menu_order":0,"comment_status":"closed","ping_status":"closed","template":"","meta":{"footnotes":""},"class_list":["post-3140","page","type-page","status-publish","hentry"],"yoast_head":"<!-- This site is optimized with the Yoast SEO plugin v25.0 - https:\/\/yoast.com\/wordpress\/plugins\/seo\/ -->\n<title>About - PETRICHOR ILLUSTRATION<\/title>\n<meta name=\"robots\" content=\"index, follow, max-snippet:-1, max-image-preview:large, max-video-preview:-1\" \/>\n<link rel=\"canonical\" href=\"https:\/\/petrichor-illustration.com\/?page_id=3140\" \/>\n<meta property=\"og:locale\" content=\"en_US\" \/>\n<meta property=\"og:type\" content=\"article\" \/>\n<meta property=\"og:title\" content=\"About - PETRICHOR ILLUSTRATION\" \/>\n<meta property=\"og:description\" content=\"[vc_row][vc_column width=&#8221;1\/2&#8243;][vc_column_text css=&#8221;&#8221;]EN\/ Petrichor is the name given to the distinctive scent that lingers in the air after the rain. It&#8217;s also the pseudonym under which Farah Seddiki has chosen to develop a universe inspired by the perfume she loves [&hellip;]\" \/>\n<meta property=\"og:url\" content=\"https:\/\/petrichor-illustration.com\/?page_id=3140\" \/>\n<meta property=\"og:site_name\" content=\"PETRICHOR ILLUSTRATION\" \/>\n<meta property=\"article:modified_time\" content=\"2026-01-15T16:25:19+00:00\" \/>\n<meta name=\"twitter:card\" content=\"summary_large_image\" \/>\n<meta name=\"twitter:label1\" content=\"Est. reading time\" \/>\n\t<meta name=\"twitter:data1\" content=\"2 minutes\" \/>\n<script type=\"application\/ld+json\" class=\"yoast-schema-graph\">{\"@context\":\"https:\/\/schema.org\",\"@graph\":[{\"@type\":\"WebPage\",\"@id\":\"https:\/\/petrichor-illustration.com\/?page_id=3140\",\"url\":\"https:\/\/petrichor-illustration.com\/?page_id=3140\",\"name\":\"About - PETRICHOR ILLUSTRATION\",\"isPartOf\":{\"@id\":\"http:\/\/petrichor-illustration.com\/#website\"},\"datePublished\":\"2025-04-11T09:44:03+00:00\",\"dateModified\":\"2026-01-15T16:25:19+00:00\",\"breadcrumb\":{\"@id\":\"https:\/\/petrichor-illustration.com\/?page_id=3140#breadcrumb\"},\"inLanguage\":\"en-US\",\"potentialAction\":[{\"@type\":\"ReadAction\",\"target\":[\"https:\/\/petrichor-illustration.com\/?page_id=3140\"]}]},{\"@type\":\"BreadcrumbList\",\"@id\":\"https:\/\/petrichor-illustration.com\/?page_id=3140#breadcrumb\",\"itemListElement\":[{\"@type\":\"ListItem\",\"position\":1,\"name\":\"Home\",\"item\":\"https:\/\/petrichor-illustration.com\/\"},{\"@type\":\"ListItem\",\"position\":2,\"name\":\"About\"}]},{\"@type\":\"WebSite\",\"@id\":\"http:\/\/petrichor-illustration.com\/#website\",\"url\":\"http:\/\/petrichor-illustration.com\/\",\"name\":\"PETRICHOR ILLUSTRATION\",\"description\":\"\",\"potentialAction\":[{\"@type\":\"SearchAction\",\"target\":{\"@type\":\"EntryPoint\",\"urlTemplate\":\"http:\/\/petrichor-illustration.com\/?s={search_term_string}\"},\"query-input\":{\"@type\":\"PropertyValueSpecification\",\"valueRequired\":true,\"valueName\":\"search_term_string\"}}],\"inLanguage\":\"en-US\"}]}<\/script>\n<!-- \/ Yoast SEO plugin. -->","yoast_head_json":{"title":"About - PETRICHOR ILLUSTRATION","robots":{"index":"index","follow":"follow","max-snippet":"max-snippet:-1","max-image-preview":"max-image-preview:large","max-video-preview":"max-video-preview:-1"},"canonical":"https:\/\/petrichor-illustration.com\/?page_id=3140","og_locale":"en_US","og_type":"article","og_title":"About - PETRICHOR ILLUSTRATION","og_description":"[vc_row][vc_column width=&#8221;1\/2&#8243;][vc_column_text css=&#8221;&#8221;]EN\/ Petrichor is the name given to the distinctive scent that lingers in the air after the rain. It&#8217;s also the pseudonym under which Farah Seddiki has chosen to develop a universe inspired by the perfume she loves [&hellip;]","og_url":"https:\/\/petrichor-illustration.com\/?page_id=3140","og_site_name":"PETRICHOR ILLUSTRATION","article_modified_time":"2026-01-15T16:25:19+00:00","twitter_card":"summary_large_image","twitter_misc":{"Est. reading time":"2 minutes"},"schema":{"@context":"https:\/\/schema.org","@graph":[{"@type":"WebPage","@id":"https:\/\/petrichor-illustration.com\/?page_id=3140","url":"https:\/\/petrichor-illustration.com\/?page_id=3140","name":"About - PETRICHOR ILLUSTRATION","isPartOf":{"@id":"http:\/\/petrichor-illustration.com\/#website"},"datePublished":"2025-04-11T09:44:03+00:00","dateModified":"2026-01-15T16:25:19+00:00","breadcrumb":{"@id":"https:\/\/petrichor-illustration.com\/?page_id=3140#breadcrumb"},"inLanguage":"en-US","potentialAction":[{"@type":"ReadAction","target":["https:\/\/petrichor-illustration.com\/?page_id=3140"]}]},{"@type":"BreadcrumbList","@id":"https:\/\/petrichor-illustration.com\/?page_id=3140#breadcrumb","itemListElement":[{"@type":"ListItem","position":1,"name":"Home","item":"https:\/\/petrichor-illustration.com\/"},{"@type":"ListItem","position":2,"name":"About"}]},{"@type":"WebSite","@id":"http:\/\/petrichor-illustration.com\/#website","url":"http:\/\/petrichor-illustration.com\/","name":"PETRICHOR ILLUSTRATION","description":"","potentialAction":[{"@type":"SearchAction","target":{"@type":"EntryPoint","urlTemplate":"http:\/\/petrichor-illustration.com\/?s={search_term_string}"},"query-input":{"@type":"PropertyValueSpecification","valueRequired":true,"valueName":"search_term_string"}}],"inLanguage":"en-US"}]}},"_links":{"self":[{"href":"https:\/\/petrichor-illustration.com\/index.php?rest_route=\/wp\/v2\/pages\/3140","targetHints":{"allow":["GET"]}}],"collection":[{"href":"https:\/\/petrichor-illustration.com\/index.php?rest_route=\/wp\/v2\/pages"}],"about":[{"href":"https:\/\/petrichor-illustration.com\/index.php?rest_route=\/wp\/v2\/types\/page"}],"author":[{"embeddable":true,"href":"https:\/\/petrichor-illustration.com\/index.php?rest_route=\/wp\/v2\/users\/1"}],"replies":[{"embeddable":true,"href":"https:\/\/petrichor-illustration.com\/index.php?rest_route=%2Fwp%2Fv2%2Fcomments&post=3140"}],"version-history":[{"count":18,"href":"https:\/\/petrichor-illustration.com\/index.php?rest_route=\/wp\/v2\/pages\/3140\/revisions"}],"predecessor-version":[{"id":3260,"href":"https:\/\/petrichor-illustration.com\/index.php?rest_route=\/wp\/v2\/pages\/3140\/revisions\/3260"}],"wp:attachment":[{"href":"https:\/\/petrichor-illustration.com\/index.php?rest_route=%2Fwp%2Fv2%2Fmedia&parent=3140"}],"curies":[{"name":"wp","href":"https:\/\/api.w.org\/{rel}","templated":true}]}}